{"id":97,"date":"2013-04-13T22:48:48","date_gmt":"2013-04-13T20:48:48","guid":{"rendered":"http:\/\/www.animalvision.de\/site\/?page_id=97"},"modified":"2013-04-13T22:50:05","modified_gmt":"2013-04-13T20:50:05","slug":"wie-funktioniert-tierpsychologie","status":"publish","type":"page","link":"http:\/\/www.animalvision.de\/?page_id=97","title":{"rendered":"Wie funktioniert Tierpsychologie?"},"content":{"rendered":"<p style=\"text-align: justify;\"><img loading=\"lazy\" decoding=\"async\" class=\"size-medium wp-image-34 alignleft\" alt=\"Tierpsychologie\" src=\"http:\/\/www.animalvision.de\/site\/wp-content\/uploads\/2013\/04\/tierpsychologie-animalvision-224x300.jpg\" width=\"234\" height=\"310\" \/>Probleme mit dem Verhalten unserer Haustiere entstehen durch das Zusammenwirken verschiedener Faktoren. Tierart und manchmal auch Rasse bringen nat\u00fcrliche Verhaltensweisen und Bed\u00fcrfnisse mit sich, die f\u00fcr unsere menschliche Welt nicht geeignet sind.\u00a0Dar\u00fcber hinaus hat jedes Tier sein eigenes Temperament und ganz individuelle Eigenschaften. Von au\u00dfen wirken au\u00dferdem Lebens- und Familienverh\u00e4ltnisse auf das Verhalten ein und schlie\u00dflich lebt das Tier mit Menschen zusammen, die ihrerseits wieder eine bestimmte Pers\u00f6nlichkeit haben.<\/p>\n<p style=\"text-align: justify;\">In den meisten F\u00e4llen reicht das Wissen und die Erfahrung mit Tieren aus, um das Zusammenleben zu regeln, kleinere Unarten und Macken werden h\u00e4ufig toleriert. Ist die Problematik aber gr\u00f6\u00dfer oder inakzeptabel, sollte ein Tierpsychologe oder ein Tier-Verhaltenstherapeut hinzugezogen werden. Selbst Menschen mit langj\u00e4hriger Hunde- und Hundesport-Erfahrung haben manchmal mit einem neuen Hund nie dagewesene Probleme. Das liegt dann weder am Hund, noch am Halter, sondern an der Kombination aller Faktoren, und allzu leicht vergessen wir als Halter, dass wir doch selbst Teil des Systems sind. Hier lohnt es sich, das Fachwissen und den Blick von au\u00dfen durch einen Experten zu Nutze zu machen. Innerhalb weniger Beratungsstunden lernt der Halter, das System in seinem Wunsch zu beeinflussen, anstatt Monate oder sogar Jahre lang das Tier st\u00e4ndig kontrollieren und disziplinieren zu m\u00fcssen. Dies gilt grunds\u00e4tzlich f\u00fcr alle Tierarten.<\/p>\n<p style=\"text-align: justify;\">Es gibt nicht nur eine richtige Trainingsmethode. Die L\u00f6sung ist die individuelle Auswahl der Behandlung. Das kann eine einfache Umgestaltung in der Wohnung sein, Ver\u00e4nderungen in der Reihenfolge von Verhaltensabl\u00e4ufen, artspezifische Kommunikation mit dem Tier, \u00dcbungen zur Rangordnung, Leckerchen-Training, speziell Clickertraining, genauso wie \u201eFortgeschrittene Verhaltenstherapie\u201c mit Desensibilisierung und Habituation oder klassische und operante Konditionierung, um nur einige zu nennen.<\/p>\n<p style=\"text-align: justify;\"><img loading=\"lazy\" decoding=\"async\" class=\"alignright size-medium wp-image-33\" alt=\"Tierpsychologie\" src=\"http:\/\/www.animalvision.de\/site\/wp-content\/uploads\/2013\/04\/tierpsychologie-animalvision-2-225x300.jpg\" width=\"225\" height=\"300\" srcset=\"http:\/\/www.animalvision.de\/site\/wp-content\/uploads\/2013\/04\/tierpsychologie-animalvision-2-225x300.jpg 225w, http:\/\/www.animalvision.de\/site\/wp-content\/uploads\/2013\/04\/tierpsychologie-animalvision-2.jpg 600w\" sizes=\"auto, (max-width: 225px) 100vw, 225px\" \/>Gemeinsam ist allen Ans\u00e4tzen bei AnimalVision:<\/p>\n<ul style=\"text-align: justify;\">\n<li>Die Methode wird nicht \u00fcbergest\u00fclpt, sondern individuell angepasst.<\/li>\n<li>Auf die Tiere wird keine Gewalt ausge\u00fcbt<b>.<\/b><\/li>\n<li>Die Behandlung richtet sich nach modernen lerntheoretischen Ans\u00e4tzen und den arteigenen Bed\u00fcrfnissen des Tieres.<\/li>\n<\/ul>\n","protected":false},"excerpt":{"rendered":"<p>Probleme mit dem Verhalten unserer Haustiere entstehen durch das Zusammenwirken verschiedener Faktoren. Tierart und manchmal auch Rasse bringen nat\u00fcrliche Verhaltensweisen und Bed\u00fcrfnisse mit sich, die f\u00fcr unsere menschliche Welt nicht geeignet sind.\u00a0Dar\u00fcber hinaus hat jedes Tier sein eigenes Temperament und &hellip; <a href=\"http:\/\/www.animalvision.de\/?page_id=97\">Weiterlesen <span class=\"meta-nav\">&rarr;<\/span><\/a><\/p>\n","protected":false},"author":1,"featured_media":0,"parent":0,"menu_order":0,"comment_status":"closed","ping_status":"closed","template":"","meta":{"footnotes":""},"class_list":["post-97","page","type-page","status-publish","hentry"],"_links":{"self":[{"href":"http:\/\/www.animalvision.de\/index.php?rest_route=\/wp\/v2\/pages\/97","targetHints":{"allow":["GET"]}}],"collection":[{"href":"http:\/\/www.animalvision.de\/index.php?rest_route=\/wp\/v2\/pages"}],"about":[{"href":"http:\/\/www.animalvision.de\/index.php?rest_route=\/wp\/v2\/types\/page"}],"author":[{"embeddable":true,"href":"http:\/\/www.animalvision.de\/index.php?rest_route=\/wp\/v2\/users\/1"}],"replies":[{"embeddable":true,"href":"http:\/\/www.animalvision.de\/index.php?rest_route=%2Fwp%2Fv2%2Fcomments&post=97"}],"version-history":[{"count":5,"href":"http:\/\/www.animalvision.de\/index.php?rest_route=\/wp\/v2\/pages\/97\/revisions"}],"predecessor-version":[{"id":103,"href":"http:\/\/www.animalvision.de\/index.php?rest_route=\/wp\/v2\/pages\/97\/revisions\/103"}],"wp:attachment":[{"href":"http:\/\/www.animalvision.de\/index.php?rest_route=%2Fwp%2Fv2%2Fmedia&parent=97"}],"curies":[{"name":"wp","href":"https:\/\/api.w.org\/{rel}","templated":true}]}}