{"id":85,"date":"2013-04-13T21:51:45","date_gmt":"2013-04-13T19:51:45","guid":{"rendered":"http:\/\/www.animalvision.de\/site\/?page_id=85"},"modified":"2024-06-17T14:08:12","modified_gmt":"2024-06-17T12:08:12","slug":"die-nachsten-ausbildungsgange","status":"publish","type":"page","link":"http:\/\/www.animalvision.de\/?page_id=85","title":{"rendered":"Die n\u00e4chsten Ausbildungsg\u00e4nge"},"content":{"rendered":"<p><strong><span style=\"color: #008000;\">Es gibt wieder neue Ausbildungsg\u00e4nge in Hundepsychologie und Katzenpsychologie ab August 2024!<br \/>\n<\/span><\/strong><\/p>\n<p>&nbsp;<\/p>\n<p>Das neue Ausbildungskonzept in Stichworten:<\/p>\n<ul>\n<li>umfangreiche und seri\u00f6se Ausbildung zum Tierpsychologen f\u00fcr Katzen<\/li>\n<li>Die Dauer der Ausbildung betr\u00e4gt bei Vollzeit ca. 9 Monate, Teilzeit\/ berufsbegleitend ca. 13 Monate. Sie kann dem eigenen Lerntempo angepasst werden.<\/li>\n<li>Lernzeiten individuell anpassbar, berufsbegleitend konzipiert<\/li>\n<li>viele praktische \u00dcbungen ( so lange kontaktfrei wie n\u00f6tig) und Coaching im Einzelunterricht, in der Kleingruppe ( in Videokonferenzen) und am Telefon<\/li>\n<li>Viele intensive Fallbesprechungen<\/li>\n<li>fundierte Ausbildung an einer Privatschule mit langj\u00e4hriger Erfahrung im Bereich der Ausbildung in Tierpsychologie<\/li>\n<li>laufendes pers\u00f6nliches Coaching und Mentoring<\/li>\n<li>Betonung auf dem Erlernen soliden Basiswissens zur Diagnostik im Ausdrucksverhalten der Tiere und ihrer Ethologie (Verhaltenskunde)<\/li>\n<li>inklusive Entwicklung eines pers\u00f6nlichen Trainingsstils unter professioneller psychologischer Anleitung<\/li>\n<li>g\u00fcnstiges Preisleistungsverh\u00e4ltnis<\/li>\n<li>Erlangen eine Zertifikats nach erfolgreichem Abschluss der Ausbildung<\/li>\n<\/ul>\n<p style=\"text-align: justify;\"><img loading=\"lazy\" decoding=\"async\" class=\"size-medium wp-image-40 alignright\" src=\"http:\/\/www.animalvision.de\/site\/wp-content\/uploads\/2013\/04\/weg-300x225.jpg\" alt=\"Weg\" width=\"300\" height=\"225\" srcset=\"http:\/\/www.animalvision.de\/site\/wp-content\/uploads\/2013\/04\/weg-300x225.jpg 300w, http:\/\/www.animalvision.de\/site\/wp-content\/uploads\/2013\/04\/weg-400x300.jpg 400w, http:\/\/www.animalvision.de\/site\/wp-content\/uploads\/2013\/04\/weg.jpg 800w\" sizes=\"auto, (max-width: 300px) 100vw, 300px\" \/><\/p>\n<p style=\"text-align: justify;\"><span style=\"font-size: 12pt;\">\u00a0<\/span><\/p>\n<p style=\"text-align: justify;\"><strong><span style=\"font-size: 12pt;\">\u00a0<\/span><\/strong><\/p>\n","protected":false},"excerpt":{"rendered":"<p>Es gibt wieder neue Ausbildungsg\u00e4nge in Hundepsychologie und Katzenpsychologie ab August 2024! &nbsp; Das neue Ausbildungskonzept in Stichworten: umfangreiche und seri\u00f6se Ausbildung zum Tierpsychologen f\u00fcr Katzen Die Dauer der Ausbildung betr\u00e4gt bei Vollzeit ca. 9 Monate, Teilzeit\/ berufsbegleitend ca. 13 &hellip; <a href=\"http:\/\/www.animalvision.de\/?page_id=85\">Weiterlesen <span class=\"meta-nav\">&rarr;<\/span><\/a><\/p>\n","protected":false},"author":1,"featured_media":0,"parent":0,"menu_order":0,"comment_status":"closed","ping_status":"closed","template":"","meta":{"footnotes":""},"class_list":["post-85","page","type-page","status-publish","hentry"],"_links":{"self":[{"href":"http:\/\/www.animalvision.de\/index.php?rest_route=\/wp\/v2\/pages\/85","targetHints":{"allow":["GET"]}}],"collection":[{"href":"http:\/\/www.animalvision.de\/index.php?rest_route=\/wp\/v2\/pages"}],"about":[{"href":"http:\/\/www.animalvision.de\/index.php?rest_route=\/wp\/v2\/types\/page"}],"author":[{"embeddable":true,"href":"http:\/\/www.animalvision.de\/index.php?rest_route=\/wp\/v2\/users\/1"}],"replies":[{"embeddable":true,"href":"http:\/\/www.animalvision.de\/index.php?rest_route=%2Fwp%2Fv2%2Fcomments&post=85"}],"version-history":[{"count":39,"href":"http:\/\/www.animalvision.de\/index.php?rest_route=\/wp\/v2\/pages\/85\/revisions"}],"predecessor-version":[{"id":320,"href":"http:\/\/www.animalvision.de\/index.php?rest_route=\/wp\/v2\/pages\/85\/revisions\/320"}],"wp:attachment":[{"href":"http:\/\/www.animalvision.de\/index.php?rest_route=%2Fwp%2Fv2%2Fmedia&parent=85"}],"curies":[{"name":"wp","href":"https:\/\/api.w.org\/{rel}","templated":true}]}}