{"id":80,"date":"2013-04-13T21:45:54","date_gmt":"2013-04-13T19:45:54","guid":{"rendered":"http:\/\/www.animalvision.de\/site\/?page_id=80"},"modified":"2020-04-09T11:51:09","modified_gmt":"2020-04-09T09:51:09","slug":"das-qualitatssiegel","status":"publish","type":"page","link":"http:\/\/www.animalvision.de\/?page_id=80","title":{"rendered":"Qualit\u00e4tssiegel AnimalVision"},"content":{"rendered":"<p style=\"text-align: justify;\">Die Sch\u00fcler unseres Ausbildungsganges zum Tierpsychologen lernen im Laufe ihrer Ausbildungszeit umfassende theoretische Lektionen zu tierpsychologischen Fachgebieten. Dar\u00fcberhinaus nehmen alle Sch\u00fcler an an praktischen \u00dcbungen teil, in denen jeder Sch\u00fcler indivduell\u00a0gecoacht wird. Alle Absolventen haben schriftliche Leistungsnachweise und Praktika geleistet und sich mit einer Anschlussarbeit auf ein Themengebiet spezialisiert. Wer bei AnimalVision das Studium in Tierpsychologie erfolgreich absolviert, hat sich den Abschluss\u00a0nachweislich verdient und kann auf ein umfangreiches Wissen zur\u00fcck greifen.<\/p>\n<p style=\"text-align: justify;\">Das Qualit\u00e4tssiegel nach AnimalVision soll Tierhaltern\u00a0die Sicherheit\u00a0geben, dass sie hier einen seri\u00f6s ausgebildeten Berater bei Erziehungsfragen und Verhaltensproblemen\u00a0mit ihrem\u00a0Haustier\u00a0finden.<\/p>\n<p style=\"text-align: justify;\"><img loading=\"lazy\" decoding=\"async\" class=\"aligncenter  wp-image-15\" src=\"http:\/\/www.animalvision.de\/site\/wp-content\/uploads\/2013\/04\/av-qualittssiegel_4x4cm-300x300.gif\" alt=\"AnimalVision Qualit\u00e4tssiegel\" width=\"200\" height=\"200\" srcset=\"http:\/\/www.animalvision.de\/site\/wp-content\/uploads\/2013\/04\/av-qualittssiegel_4x4cm-300x300.gif 300w, http:\/\/www.animalvision.de\/site\/wp-content\/uploads\/2013\/04\/av-qualittssiegel_4x4cm-150x150.gif 150w\" sizes=\"auto, (max-width: 200px) 100vw, 200px\" \/><\/p>\n<p style=\"text-align: justify;\">Das Qualit\u00e4tssiegel nach AnimalVision ist als gesch\u00fctztes Markenzeichen eingetragen und ausschlie\u00dflich f\u00fcr Absolventen des Instituts zur Nutzung freigegeben. Die Verwendung und Verbreitung von nicht autorisierten Personen ist ausdr\u00fccklich untersagt und wird mit allen rechtlichen Mitteln verfolgt.<\/p>\n","protected":false},"excerpt":{"rendered":"<p>Die Sch\u00fcler unseres Ausbildungsganges zum Tierpsychologen lernen im Laufe ihrer Ausbildungszeit umfassende theoretische Lektionen zu tierpsychologischen Fachgebieten. Dar\u00fcberhinaus nehmen alle Sch\u00fcler an an praktischen \u00dcbungen teil, in denen jeder Sch\u00fcler indivduell\u00a0gecoacht wird. Alle Absolventen haben schriftliche Leistungsnachweise und Praktika geleistet &hellip; <a href=\"http:\/\/www.animalvision.de\/?page_id=80\">Weiterlesen <span class=\"meta-nav\">&rarr;<\/span><\/a><\/p>\n","protected":false},"author":1,"featured_media":0,"parent":0,"menu_order":0,"comment_status":"closed","ping_status":"closed","template":"","meta":{"footnotes":""},"class_list":["post-80","page","type-page","status-publish","hentry"],"_links":{"self":[{"href":"http:\/\/www.animalvision.de\/index.php?rest_route=\/wp\/v2\/pages\/80","targetHints":{"allow":["GET"]}}],"collection":[{"href":"http:\/\/www.animalvision.de\/index.php?rest_route=\/wp\/v2\/pages"}],"about":[{"href":"http:\/\/www.animalvision.de\/index.php?rest_route=\/wp\/v2\/types\/page"}],"author":[{"embeddable":true,"href":"http:\/\/www.animalvision.de\/index.php?rest_route=\/wp\/v2\/users\/1"}],"replies":[{"embeddable":true,"href":"http:\/\/www.animalvision.de\/index.php?rest_route=%2Fwp%2Fv2%2Fcomments&post=80"}],"version-history":[{"count":5,"href":"http:\/\/www.animalvision.de\/index.php?rest_route=\/wp\/v2\/pages\/80\/revisions"}],"predecessor-version":[{"id":284,"href":"http:\/\/www.animalvision.de\/index.php?rest_route=\/wp\/v2\/pages\/80\/revisions\/284"}],"wp:attachment":[{"href":"http:\/\/www.animalvision.de\/index.php?rest_route=%2Fwp%2Fv2%2Fmedia&parent=80"}],"curies":[{"name":"wp","href":"https:\/\/api.w.org\/{rel}","templated":true}]}}