{"id":121,"date":"2013-04-14T00:02:44","date_gmt":"2013-04-13T22:02:44","guid":{"rendered":"http:\/\/www.animalvision.de\/site\/?page_id=121"},"modified":"2020-04-09T11:57:39","modified_gmt":"2020-04-09T09:57:39","slug":"tiervermittlung","status":"publish","type":"page","link":"http:\/\/www.animalvision.de\/?page_id=121","title":{"rendered":"Tiervermittlung"},"content":{"rendered":"<p style=\"text-align: justify;\"><span style=\"font-family: tahoma, arial, helvetica, sans-serif;\"><span style=\"font-size: 12pt;\"><span style=\"color: #008000;\"><a href=\"http:\/\/www.animalvision.de\/site\/wp-content\/uploads\/2013\/04\/tiervermittlung-animalvision-tom.jpg\"><img loading=\"lazy\" decoding=\"async\" class=\"alignright size-medium wp-image-39\" src=\"http:\/\/www.animalvision.de\/site\/wp-content\/uploads\/2013\/04\/tiervermittlung-animalvision-tom-223x300.jpg\" alt=\"tiervermittlung-animalvision-tom\" width=\"223\" height=\"300\" srcset=\"http:\/\/www.animalvision.de\/site\/wp-content\/uploads\/2013\/04\/tiervermittlung-animalvision-tom-223x300.jpg 223w, http:\/\/www.animalvision.de\/site\/wp-content\/uploads\/2013\/04\/tiervermittlung-animalvision-tom.jpg 381w\" sizes=\"auto, (max-width: 223px) 100vw, 223px\" \/><\/a><\/span><\/span><\/span><\/p>\n<p style=\"text-align: justify;\"><span style=\"font-family: tahoma, arial, helvetica, sans-serif;\"><span style=\"font-size: 12pt;\"><span style=\"color: #008000;\">Alle fr\u00fcheren Tiere\u00a0dieser Seite haben ein sch\u00f6nes neues Zuhause gefunden.\u00a0<\/span><\/span><\/span><\/p>\n<p style=\"text-align: justify;\"><span style=\"font-family: tahoma,arial,helvetica,sans-serif;\">\u00a0<\/span><\/p>\n<p style=\"text-align: justify;\"><span style=\"font-family: tahoma,arial,helvetica,sans-serif;\">\u00a0<\/span><\/p>\n<p style=\"text-align: justify;\"><span style=\"font-family: tahoma,arial,helvetica,sans-serif;\">\u00a0<\/span><\/p>\n<p style=\"text-align: justify;\"><span style=\"font-family: tahoma,arial,helvetica,sans-serif;\">\u00a0<\/span><\/p>\n<p style=\"text-align: justify;\"><span style=\"font-family: tahoma,arial,helvetica,sans-serif;\">\u00a0<\/span><\/p>\n<p style=\"text-align: justify;\"><span style=\"font-family: tahoma, arial, helvetica, sans-serif;\"><span style=\"font-size: 8pt;\"><br \/>\nAnimalVison bildet ein Portal\u00a0f\u00fcr die Vermittlung von Tieren in Not. Es \u00fcbernimmt keine Haftung f\u00fcr die Richtigkeit der Angaben \u00fcber die zu vermittelnden Tiere. F\u00fcr die Inhalte der Websites angegebener Kontaktlinks \u00fcbernimmt AnimalVision keinerlei Verantwortung.<\/span><\/span><\/p>\n","protected":false},"excerpt":{"rendered":"<p>Alle fr\u00fcheren Tiere\u00a0dieser Seite haben ein sch\u00f6nes neues Zuhause gefunden.\u00a0 \u00a0 \u00a0 \u00a0 \u00a0 \u00a0 AnimalVison bildet ein Portal\u00a0f\u00fcr die Vermittlung von Tieren in Not. Es \u00fcbernimmt keine Haftung f\u00fcr die Richtigkeit der Angaben \u00fcber die zu vermittelnden Tiere. F\u00fcr &hellip; <a href=\"http:\/\/www.animalvision.de\/?page_id=121\">Weiterlesen <span class=\"meta-nav\">&rarr;<\/span><\/a><\/p>\n","protected":false},"author":1,"featured_media":0,"parent":0,"menu_order":0,"comment_status":"closed","ping_status":"closed","template":"","meta":{"footnotes":""},"class_list":["post-121","page","type-page","status-publish","hentry"],"_links":{"self":[{"href":"http:\/\/www.animalvision.de\/index.php?rest_route=\/wp\/v2\/pages\/121","targetHints":{"allow":["GET"]}}],"collection":[{"href":"http:\/\/www.animalvision.de\/index.php?rest_route=\/wp\/v2\/pages"}],"about":[{"href":"http:\/\/www.animalvision.de\/index.php?rest_route=\/wp\/v2\/types\/page"}],"author":[{"embeddable":true,"href":"http:\/\/www.animalvision.de\/index.php?rest_route=\/wp\/v2\/users\/1"}],"replies":[{"embeddable":true,"href":"http:\/\/www.animalvision.de\/index.php?rest_route=%2Fwp%2Fv2%2Fcomments&post=121"}],"version-history":[{"count":4,"href":"http:\/\/www.animalvision.de\/index.php?rest_route=\/wp\/v2\/pages\/121\/revisions"}],"predecessor-version":[{"id":292,"href":"http:\/\/www.animalvision.de\/index.php?rest_route=\/wp\/v2\/pages\/121\/revisions\/292"}],"wp:attachment":[{"href":"http:\/\/www.animalvision.de\/index.php?rest_route=%2Fwp%2Fv2%2Fmedia&parent=121"}],"curies":[{"name":"wp","href":"https:\/\/api.w.org\/{rel}","templated":true}]}}