{"id":104,"date":"2013-04-13T22:56:53","date_gmt":"2013-04-13T20:56:53","guid":{"rendered":"http:\/\/www.animalvision.de\/site\/?page_id=104"},"modified":"2013-04-13T23:04:11","modified_gmt":"2013-04-13T21:04:11","slug":"wann-zum-tierpsychologen","status":"publish","type":"page","link":"http:\/\/www.animalvision.de\/?page_id=104","title":{"rendered":"Wann zum Tierpsychologen?"},"content":{"rendered":"<p style=\"text-align: justify;\">Verhaltenstherapie f\u00fcr Tiere ist nichts anderes als Tier-Erziehung, Tier-Training oder\u00a0Verhaltensberatung. Einem Tier wird entweder ein erw\u00fcnschtes Verhalten antrainiert oder ein unerw\u00fcnschtes aberzogen.<\/p>\n<p style=\"text-align: justify;\">Fast jeder Tierhalter erzieht sein Tier. Wer seinem Tier zus\u00e4tzlich noch Tricks beibringt, macht sogar einfaches Tier-Training.\u00a0Verhaltenstherapie kommt meist erst dann ins Spiel, wenn sich Konflikte durch ein bestimmtes Verhalten des Tieres ergeben, und der Halter selbst zun\u00e4chst keinen Ausweg sieht.<\/p>\n<p style=\"text-align: justify;\">Typische Situationen f\u00fcr eine Tier-Verhaltenstherapie:<\/p>\n<p style=\"text-align: justify;\"><strong>Hund:<\/strong> <img loading=\"lazy\" decoding=\"async\" class=\"alignright  wp-image-18\" alt=\"Hund\" src=\"http:\/\/www.animalvision.de\/site\/wp-content\/uploads\/2013\/04\/golden-retriever2-246x300.jpg\" width=\"123\" height=\"150\" srcset=\"http:\/\/www.animalvision.de\/site\/wp-content\/uploads\/2013\/04\/golden-retriever2-246x300.jpg 246w, http:\/\/www.animalvision.de\/site\/wp-content\/uploads\/2013\/04\/golden-retriever2.jpg 534w\" sizes=\"auto, (max-width: 123px) 100vw, 123px\" \/><\/p>\n<ul style=\"text-align: justify;\">\n<li>nicht allein sein k\u00f6nnen (Jaulen und Zerst\u00f6rungswut)<\/li>\n<li>Knurren, Schnappen, Bei\u00dfen gegen\u00fcber Menschen<\/li>\n<li>Aggressivit\u00e4t gegen andere Tiere (z.B. Katzen, Artgenossen)<\/li>\n<li>starke \u00c4ngstlichkeit (z.B. Fremde, Kinder, Sylvester)<\/li>\n<li>Jagdtrieb und Streunern<\/li>\n<li>\u00fcberm\u00e4\u00dfiges Bellen<\/li>\n<li>an der Leine ziehen<\/li>\n<li>Jagen von Joggern und Radfahrern<\/li>\n<\/ul>\n<p style=\"text-align: justify;\"><strong>Katze:<\/strong><img loading=\"lazy\" decoding=\"async\" class=\"alignright  wp-image-16\" alt=\"Katze\" src=\"http:\/\/www.animalvision.de\/site\/wp-content\/uploads\/2013\/04\/charly-257x300.jpg\" width=\"128\" height=\"150\" srcset=\"http:\/\/www.animalvision.de\/site\/wp-content\/uploads\/2013\/04\/charly-257x300.jpg 257w, http:\/\/www.animalvision.de\/site\/wp-content\/uploads\/2013\/04\/charly.jpg 587w\" sizes=\"auto, (max-width: 128px) 100vw, 128px\" \/><\/p>\n<ul style=\"text-align: justify;\">\n<li>\u00a0Urinieren und Koten in der Wohnung au\u00dferhalb des Katzenklos<\/li>\n<li>Kratzen an der Wohnungseinrichtung<\/li>\n<li>Aggressivit\u00e4t gegen\u00fcber Menschen\u00a0oder anderen Katzen<\/li>\n<li>starke \u00c4ngstlichkeit<\/li>\n<\/ul>\n<p style=\"text-align: justify;\"><strong>Kleintiere und V\u00f6gel:<\/strong><\/p>\n<ul style=\"text-align: justify;\">\n<li>Scheu vor der Hand und andere \u00c4ngste<\/li>\n<li>Aggressivit\u00e4t<\/li>\n<li>anhaltendes Schreien, Federrupfen udn\u00a0chronische Eierlegen bei Papageien<\/li>\n<\/ul>\n<p style=\"text-align: justify;\"><strong>Pferd:<\/strong>\u00a0\u00a0<img loading=\"lazy\" decoding=\"async\" class=\"alignright  wp-image-24\" alt=\"Pferd\" src=\"http:\/\/www.animalvision.de\/site\/wp-content\/uploads\/2013\/04\/pferdepsychologie-194x300.jpg\" width=\"120\" height=\"180\" \/><\/p>\n<ul style=\"text-align: justify;\">\n<li>\u00a0Verladeprobleme<\/li>\n<li>Probleme beim Tierarzt und Hufschmied<\/li>\n<li>Phobien und Probleme unter dem Reiter<\/li>\n<li>Koppen, Weben und stereotypes Laufen<\/li>\n<li>Aggressivit\u00e4t<\/li>\n<\/ul>\n<p style=\"text-align: justify;\">\n<p>Tierpsychologen beraten\u00a0sowohl bei Erziehungsfragen\u00a0als auch bei Verhaltensproblemen mit Haustieren. Je fr\u00fcher der Tierhalter dabei die Hilfe des Experten aufsucht, umso schneller lassen sich Erfolge erzielen.<\/p>\n<p style=\"text-align: justify;\">Der Tierhalter meldet sich telefonisch oder per E-Mail bei AnimalVision und schildert in groben Z\u00fcgen sein Anliegen, auf Wunsch wird dann der Termin f\u00fcr einen Hausbesuch vereinbart (Der Hausbesuch ist deshalb so wichtig, da sich das Tier in der fremden Umgebung h\u00e4ufig anders verh\u00e4lt und die Ursachenkl\u00e4rung erschwert wird.\u00a0Vor dem Hausbesuch f\u00fcllt der Tierhalter einen Vorfragebogen aus, was die Beratungszeit vor Ort sp\u00e4ter verk\u00fcrzt. W\u00e4hrend des Hausbesuchs wird dann die Ursache f\u00fcr das Problemverhalten ermittelt und schlie\u00dflich gemeinsam ein Gegenma\u00dfnahmenplan erstellt, f\u00fcr dessen Durchf\u00fchrung der Halter anschlie\u00dfend selbst zust\u00e4ndig ist. Auf Wunsch k\u00f6nnen (m\u00fcssen aber nicht) weitere Treffen vereinbart werden, Folgeberatungen sind auch am Telefon m\u00f6glich. Auf diese Weise lassen sich die Kosten auch bei einer aufwendigeren Therapie gering halten.<\/p>\n","protected":false},"excerpt":{"rendered":"<p>Verhaltenstherapie f\u00fcr Tiere ist nichts anderes als Tier-Erziehung, Tier-Training oder\u00a0Verhaltensberatung. Einem Tier wird entweder ein erw\u00fcnschtes Verhalten antrainiert oder ein unerw\u00fcnschtes aberzogen. Fast jeder Tierhalter erzieht sein Tier. Wer seinem Tier zus\u00e4tzlich noch Tricks beibringt, macht sogar einfaches Tier-Training.\u00a0Verhaltenstherapie kommt &hellip; <a href=\"http:\/\/www.animalvision.de\/?page_id=104\">Weiterlesen <span class=\"meta-nav\">&rarr;<\/span><\/a><\/p>\n","protected":false},"author":1,"featured_media":0,"parent":0,"menu_order":0,"comment_status":"closed","ping_status":"closed","template":"","meta":{"footnotes":""},"class_list":["post-104","page","type-page","status-publish","hentry"],"_links":{"self":[{"href":"http:\/\/www.animalvision.de\/index.php?rest_route=\/wp\/v2\/pages\/104","targetHints":{"allow":["GET"]}}],"collection":[{"href":"http:\/\/www.animalvision.de\/index.php?rest_route=\/wp\/v2\/pages"}],"about":[{"href":"http:\/\/www.animalvision.de\/index.php?rest_route=\/wp\/v2\/types\/page"}],"author":[{"embeddable":true,"href":"http:\/\/www.animalvision.de\/index.php?rest_route=\/wp\/v2\/users\/1"}],"replies":[{"embeddable":true,"href":"http:\/\/www.animalvision.de\/index.php?rest_route=%2Fwp%2Fv2%2Fcomments&post=104"}],"version-history":[{"count":5,"href":"http:\/\/www.animalvision.de\/index.php?rest_route=\/wp\/v2\/pages\/104\/revisions"}],"predecessor-version":[{"id":115,"href":"http:\/\/www.animalvision.de\/index.php?rest_route=\/wp\/v2\/pages\/104\/revisions\/115"}],"wp:attachment":[{"href":"http:\/\/www.animalvision.de\/index.php?rest_route=%2Fwp%2Fv2%2Fmedia&parent=104"}],"curies":[{"name":"wp","href":"https:\/\/api.w.org\/{rel}","templated":true}]}}